{"id":2823,"date":"2024-07-19T10:21:43","date_gmt":"2024-07-19T13:21:43","guid":{"rendered":"https:\/\/veromundoviagens.com.br\/?page_id=2823"},"modified":"2024-10-22T11:28:16","modified_gmt":"2024-10-22T14:28:16","slug":"cruzeiros","status":"publish","type":"page","link":"https:\/\/veromundoviagens.com.br\/?page_id=2823","title":{"rendered":"Cruzeiros"},"content":{"rendered":"\t\t<div data-elementor-type=\"wp-page\" data-elementor-id=\"2823\" class=\"elementor elementor-2823\">\n\t\t\t\t<div class=\"elementor-element elementor-element-c0244df e-flex e-con-boxed e-con e-parent\" data-id=\"c0244df\" data-element_type=\"container\">\n\t\t\t\t\t<div class=\"e-con-inner\">\n\t\t\t\t<div class=\"elementor-element elementor-element-33b8461 elementor-widget elementor-widget-heading\" data-id=\"33b8461\" data-element_type=\"widget\" data-widget_type=\"heading.default\">\n\t\t\t\t<div class=\"elementor-widget-container\">\n\t\t\t<style>\/*! elementor - v3.23.0 - 15-07-2024 *\/\n.elementor-heading-title{padding:0;margin:0;line-height:1}.elementor-widget-heading .elementor-heading-title[class*=elementor-size-]>a{color:inherit;font-size:inherit;line-height:inherit}.elementor-widget-heading .elementor-heading-title.elementor-size-small{font-size:15px}.elementor-widget-heading .elementor-heading-title.elementor-size-medium{font-size:19px}.elementor-widget-heading .elementor-heading-title.elementor-size-large{font-size:29px}.elementor-widget-heading .elementor-heading-title.elementor-size-xl{font-size:39px}.elementor-widget-heading .elementor-heading-title.elementor-size-xxl{font-size:59px}<\/style><h2 class=\"elementor-heading-title elementor-size-default\">CRUZEIROS<\/h2>\t\t<\/div>\n\t\t\t\t<\/div>\n\t\t\t\t\t<\/div>\n\t\t\t\t<\/div>\n\t\t<div class=\"elementor-element elementor-element-a473ed5 e-flex e-con-boxed e-con e-parent\" data-id=\"a473ed5\" data-element_type=\"container\">\n\t\t\t\t\t<div class=\"e-con-inner\">\n\t\t\t\t<div class=\"elementor-element elementor-element-8702283 elementor-widget__width-initial elementor-widget elementor-widget-image\" data-id=\"8702283\" data-element_type=\"widget\" data-widget_type=\"image.default\">\n\t\t\t\t<div class=\"elementor-widget-container\">\n\t\t\t<style>\/*! elementor - v3.23.0 - 15-07-2024 *\/\n.elementor-widget-image{text-align:center}.elementor-widget-image a{display:inline-block}.elementor-widget-image a img[src$=\".svg\"]{width:48px}.elementor-widget-image img{vertical-align:middle;display:inline-block}<\/style>\t\t\t\t\t\t\t\t\t\t<img fetchpriority=\"high\" decoding=\"async\" width=\"928\" height=\"568\" src=\"https:\/\/veromundoviagens.com.br\/wp-content\/uploads\/2024\/07\/CRUZEIRO3.png\" class=\"attachment-full size-full wp-image-2825\" alt=\"\" srcset=\"https:\/\/veromundoviagens.com.br\/wp-content\/uploads\/2024\/07\/CRUZEIRO3.png 928w, https:\/\/veromundoviagens.com.br\/wp-content\/uploads\/2024\/07\/CRUZEIRO3-300x184.png 300w, https:\/\/veromundoviagens.com.br\/wp-content\/uploads\/2024\/07\/CRUZEIRO3-768x470.png 768w\" sizes=\"(max-width: 928px) 100vw, 928px\" \/>\t\t\t\t\t\t\t\t\t\t\t\t\t<\/div>\n\t\t\t\t<\/div>\n\t\t\t\t\t<\/div>\n\t\t\t\t<\/div>\n\t\t<div class=\"elementor-element elementor-element-f3ac95e e-flex e-con-boxed e-con e-parent\" data-id=\"f3ac95e\" data-element_type=\"container\">\n\t\t\t\t\t<div class=\"e-con-inner\">\n\t\t\t\t<div class=\"elementor-element elementor-element-0e17366 elementor-widget elementor-widget-text-editor\" data-id=\"0e17366\" data-element_type=\"widget\" data-widget_type=\"text-editor.default\">\n\t\t\t\t<div class=\"elementor-widget-container\">\n\t\t\t<style>\/*! elementor - v3.23.0 - 15-07-2024 *\/\n.elementor-widget-text-editor.elementor-drop-cap-view-stacked .elementor-drop-cap{background-color:#69727d;color:#fff}.elementor-widget-text-editor.elementor-drop-cap-view-framed .elementor-drop-cap{color:#69727d;border:3px solid;background-color:transparent}.elementor-widget-text-editor:not(.elementor-drop-cap-view-default) .elementor-drop-cap{margin-top:8px}.elementor-widget-text-editor:not(.elementor-drop-cap-view-default) .elementor-drop-cap-letter{width:1em;height:1em}.elementor-widget-text-editor .elementor-drop-cap{float:left;text-align:center;line-height:1;font-size:50px}.elementor-widget-text-editor .elementor-drop-cap-letter{display:inline-block}<\/style>\t\t\t\t<p><span>Descubra a beleza dos mares com a nossa ag\u00eancia de turismo. Viajar de cruzeiro \u00e9 uma experi\u00eancia \u00fanica que combina conforto, divers\u00e3o e a possibilidade de explorar m\u00faltiplos destinos em uma \u00fanica viagem. Nossa ag\u00eancia de turismo oferece os melhores pacotes de cruzeiros para que voc\u00ea possa vivenciar momentos inesquec\u00edveis<\/span><\/p><p><span>Oferecemos uma variedade de destinos, desde as ilhas paradis\u00edacas do Caribe at\u00e9 as cidades hist\u00f3ricas da Europa, a bordo de navios modernos e luxuosos, equipados com todas as comodidades que voc\u00ea precisa para uma viagem confort\u00e1vel e prazerosa. Nossos cruzeiros oferecem uma ampla gama de atividades, desde spas relaxantes e piscinas deslumbrantes at\u00e9 shows ao vivo e cassinos emocionantes. Al\u00e9m disso, voc\u00ea pode desfrutar de uma culin\u00e1ria diversificada e de alta qualidade, com op\u00e7\u00f5es para todos os paladares, desde buffets informativos at\u00e9 jantares gourmet em restaurantes de renome.<\/span><\/p><p><span>Nossa equipe de consultores especializados est\u00e1 \u00e0 disposi\u00e7\u00e3o para ajud\u00e1-lo a planejar cada detalhe de sua viagem. Oferecemos consultoria especializada com amplo conhecimento sobre os diferentes destinos e navios, ajudando voc\u00ea a escolher a melhor op\u00e7\u00e3o para sua viagem. Personalizamos seu roteiro para que ele atenda \u00e0s suas expectativas e necessidades, garantindo uma experi\u00eancia \u00fanica e inesquec\u00edvel. Estamos com voc\u00ea desde o momento da reserva at\u00e9 o seu retorno, garantindo que tudo saia conforme o planejado.<\/span><\/p><p><span>Viaje com estilo e conforto a bordo de navios equipados com cabines luxuosas e todas as comodidades necess\u00e1rias para uma estadia perfeita. Explore novos destinos, descubra novas culturas e crie mem\u00f3rias inesquec\u00edveis em cada porto de escala. Nosso compromisso \u00e9 proporcionar a voc\u00ea uma experi\u00eancia de viagem excepcional, com um atendimento personalizado e de alta qualidade<\/span><\/p><p><span>Entre em contato conosco e permita que nossa equipe transforme sua pr\u00f3xima viagem em uma aventura inesquec\u00edvel. Navegue com a nossa ag\u00eancia de turismo e descubra o mundo de uma m\u00e3e<\/span><\/p>\t\t\t\t\t\t<\/div>\n\t\t\t\t<\/div>\n\t\t\t\t\t<\/div>\n\t\t\t\t<\/div>\n\t\t\t\t<\/div>\n\t\t","protected":false},"excerpt":{"rendered":"<p>CRUZEIROS Descubra a beleza dos mares com a nossa ag\u00eancia de turismo. Viajar de cruzeiro \u00e9 uma experi\u00eancia \u00fanica que combina conforto, divers\u00e3o e a possibilidade de explorar m\u00faltiplos destinos em uma \u00fanica viagem. Nossa ag\u00eancia de turismo oferece os melhores pacotes de cruzeiros para que voc\u00ea possa vivenciar momentos inesquec\u00edveis Oferecemos uma variedade de&#8230;<\/p>\n","protected":false},"author":1,"featured_media":0,"parent":0,"menu_order":0,"comment_status":"closed","ping_status":"closed","template":"","meta":{"_monsterinsights_skip_tracking":false,"_monsterinsights_sitenote_active":false,"_monsterinsights_sitenote_note":"","_monsterinsights_sitenote_category":0,"_kadence_starter_templates_imported_post":false,"_kad_post_transparent":"","_kad_post_title":"","_kad_post_layout":"","_kad_post_sidebar_id":"","_kad_post_content_style":"","_kad_post_vertical_padding":"","_kad_post_feature":"","_kad_post_feature_position":"","_kad_post_header":false,"_kad_post_footer":false,"footnotes":""},"aioseo_notices":[],"_links":{"self":[{"href":"https:\/\/veromundoviagens.com.br\/index.php?rest_route=\/wp\/v2\/pages\/2823"}],"collection":[{"href":"https:\/\/veromundoviagens.com.br\/index.php?rest_route=\/wp\/v2\/pages"}],"about":[{"href":"https:\/\/veromundoviagens.com.br\/index.php?rest_route=\/wp\/v2\/types\/page"}],"author":[{"embeddable":true,"href":"https:\/\/veromundoviagens.com.br\/index.php?rest_route=\/wp\/v2\/users\/1"}],"replies":[{"embeddable":true,"href":"https:\/\/veromundoviagens.com.br\/index.php?rest_route=%2Fwp%2Fv2%2Fcomments&post=2823"}],"version-history":[{"count":7,"href":"https:\/\/veromundoviagens.com.br\/index.php?rest_route=\/wp\/v2\/pages\/2823\/revisions"}],"predecessor-version":[{"id":2915,"href":"https:\/\/veromundoviagens.com.br\/index.php?rest_route=\/wp\/v2\/pages\/2823\/revisions\/2915"}],"wp:attachment":[{"href":"https:\/\/veromundoviagens.com.br\/index.php?rest_route=%2Fwp%2Fv2%2Fmedia&parent=2823"}],"curies":[{"name":"wp","href":"https:\/\/api.w.org\/{rel}","templated":true}]}}