{"id":2814,"date":"2024-07-19T09:03:52","date_gmt":"2024-07-19T12:03:52","guid":{"rendered":"https:\/\/veromundoviagens.com.br\/?page_id=2814"},"modified":"2024-10-22T11:30:29","modified_gmt":"2024-10-22T14:30:29","slug":"elementor-2814","status":"publish","type":"page","link":"https:\/\/veromundoviagens.com.br\/?page_id=2814","title":{"rendered":"Elementor #2814"},"content":{"rendered":"\t\t<div data-elementor-type=\"wp-page\" data-elementor-id=\"2814\" class=\"elementor elementor-2814\">\n\t\t\t\t<div class=\"elementor-element elementor-element-8c244cb e-flex e-con-boxed e-con e-parent\" data-id=\"8c244cb\" data-element_type=\"container\">\n\t\t\t\t\t<div class=\"e-con-inner\">\n\t\t\t\t<div class=\"elementor-element elementor-element-b2c886c elementor-widget elementor-widget-heading\" data-id=\"b2c886c\" data-element_type=\"widget\" data-widget_type=\"heading.default\">\n\t\t\t\t<div class=\"elementor-widget-container\">\n\t\t\t<style>\/*! elementor - v3.23.0 - 15-07-2024 *\/\n.elementor-heading-title{padding:0;margin:0;line-height:1}.elementor-widget-heading .elementor-heading-title[class*=elementor-size-]>a{color:inherit;font-size:inherit;line-height:inherit}.elementor-widget-heading .elementor-heading-title.elementor-size-small{font-size:15px}.elementor-widget-heading .elementor-heading-title.elementor-size-medium{font-size:19px}.elementor-widget-heading .elementor-heading-title.elementor-size-large{font-size:29px}.elementor-widget-heading .elementor-heading-title.elementor-size-xl{font-size:39px}.elementor-widget-heading .elementor-heading-title.elementor-size-xxl{font-size:59px}<\/style><h2 class=\"elementor-heading-title elementor-size-default\">LUA DE MEL<\/h2>\t\t<\/div>\n\t\t\t\t<\/div>\n\t\t\t\t\t<\/div>\n\t\t\t\t<\/div>\n\t\t<div class=\"elementor-element elementor-element-b14d302 e-flex e-con-boxed e-con e-parent\" data-id=\"b14d302\" data-element_type=\"container\">\n\t\t\t\t\t<div class=\"e-con-inner\">\n\t\t\t\t<div class=\"elementor-element elementor-element-0276dcb elementor-widget elementor-widget-image\" data-id=\"0276dcb\" data-element_type=\"widget\" data-widget_type=\"image.default\">\n\t\t\t\t<div class=\"elementor-widget-container\">\n\t\t\t<style>\/*! elementor - v3.23.0 - 15-07-2024 *\/\n.elementor-widget-image{text-align:center}.elementor-widget-image a{display:inline-block}.elementor-widget-image a img[src$=\".svg\"]{width:48px}.elementor-widget-image img{vertical-align:middle;display:inline-block}<\/style>\t\t\t\t\t\t\t\t\t\t<img fetchpriority=\"high\" decoding=\"async\" width=\"1200\" height=\"635\" src=\"https:\/\/veromundoviagens.com.br\/wp-content\/uploads\/2024\/07\/casamento-praia.png\" class=\"attachment-full size-full wp-image-2816\" alt=\"\" srcset=\"https:\/\/veromundoviagens.com.br\/wp-content\/uploads\/2024\/07\/casamento-praia.png 1200w, https:\/\/veromundoviagens.com.br\/wp-content\/uploads\/2024\/07\/casamento-praia-300x159.png 300w, https:\/\/veromundoviagens.com.br\/wp-content\/uploads\/2024\/07\/casamento-praia-1024x542.png 1024w, https:\/\/veromundoviagens.com.br\/wp-content\/uploads\/2024\/07\/casamento-praia-768x406.png 768w\" sizes=\"(max-width: 1200px) 100vw, 1200px\" \/>\t\t\t\t\t\t\t\t\t\t\t\t\t<\/div>\n\t\t\t\t<\/div>\n\t\t\t\t\t<\/div>\n\t\t\t\t<\/div>\n\t\t<div class=\"elementor-element elementor-element-ed213eb e-flex e-con-boxed e-con e-parent\" data-id=\"ed213eb\" data-element_type=\"container\">\n\t\t\t\t\t<div class=\"e-con-inner\">\n\t\t\t\t<div class=\"elementor-element elementor-element-ab70c52 elementor-widget elementor-widget-text-editor\" data-id=\"ab70c52\" data-element_type=\"widget\" data-widget_type=\"text-editor.default\">\n\t\t\t\t<div class=\"elementor-widget-container\">\n\t\t\t<style>\/*! elementor - v3.23.0 - 15-07-2024 *\/\n.elementor-widget-text-editor.elementor-drop-cap-view-stacked .elementor-drop-cap{background-color:#69727d;color:#fff}.elementor-widget-text-editor.elementor-drop-cap-view-framed .elementor-drop-cap{color:#69727d;border:3px solid;background-color:transparent}.elementor-widget-text-editor:not(.elementor-drop-cap-view-default) .elementor-drop-cap{margin-top:8px}.elementor-widget-text-editor:not(.elementor-drop-cap-view-default) .elementor-drop-cap-letter{width:1em;height:1em}.elementor-widget-text-editor .elementor-drop-cap{float:left;text-align:center;line-height:1;font-size:50px}.elementor-widget-text-editor .elementor-drop-cap-letter{display:inline-block}<\/style>\t\t\t\t<p><span>Planejar a lua-de-mel perfeita \u00e9 uma tarefa que exige aten\u00e7\u00e3o aos m\u00ednimos detalhes. Com a VEROMUNDO VIAGENS, voc\u00ea e seu parceiro(a) ter\u00e3o uma experi\u00eancia \u00fanica e personalizada, feita sob medida para celebrar o amor e o in\u00edcio desta nova fase de vida. Nosso objetivo \u00e9 fazer com que sua lua-de-mel seja exatamente como voc\u00ea sonhou.<\/span><\/p>\n<p><span>Oferecemos consultoria especializada, com consultores de viagem especializados prontos para ajud\u00e1-lo a escolher o destino e o pacote que melhor atende \u00e0s suas necessidades e desejos. Personalizamos seu roteiro para que ele se ajuste perfeitamente ao seu estilo de viagem, possibilitando momentos de relaxamento e aventura na medida certa. Desde o primeiro contato at\u00e9 o seu retorno, estamos \u00e0 disposi\u00e7\u00e3o para garantir que sua viagem seja perfeita<\/span><\/p>\t\t\t\t\t\t<\/div>\n\t\t\t\t<\/div>\n\t\t\t\t\t<\/div>\n\t\t\t\t<\/div>\n\t\t\t\t<\/div>\n\t\t","protected":false},"excerpt":{"rendered":"<p>LUA DE MEL Planejar a lua-de-mel perfeita \u00e9 uma tarefa que exige aten\u00e7\u00e3o aos m\u00ednimos detalhes. Com a VEROMUNDO VIAGENS, voc\u00ea e seu parceiro(a) ter\u00e3o uma experi\u00eancia \u00fanica e personalizada, feita sob medida para celebrar o amor e o in\u00edcio desta nova fase de vida. Nosso objetivo \u00e9 fazer com que sua lua-de-mel seja exatamente&#8230;<\/p>\n","protected":false},"author":1,"featured_media":0,"parent":0,"menu_order":0,"comment_status":"closed","ping_status":"closed","template":"","meta":{"_monsterinsights_skip_tracking":false,"_monsterinsights_sitenote_active":false,"_monsterinsights_sitenote_note":"","_monsterinsights_sitenote_category":0,"_kadence_starter_templates_imported_post":false,"_kad_post_transparent":"","_kad_post_title":"","_kad_post_layout":"","_kad_post_sidebar_id":"","_kad_post_content_style":"","_kad_post_vertical_padding":"","_kad_post_feature":"","_kad_post_feature_position":"","_kad_post_header":false,"_kad_post_footer":false,"footnotes":""},"aioseo_notices":[],"_links":{"self":[{"href":"https:\/\/veromundoviagens.com.br\/index.php?rest_route=\/wp\/v2\/pages\/2814"}],"collection":[{"href":"https:\/\/veromundoviagens.com.br\/index.php?rest_route=\/wp\/v2\/pages"}],"about":[{"href":"https:\/\/veromundoviagens.com.br\/index.php?rest_route=\/wp\/v2\/types\/page"}],"author":[{"embeddable":true,"href":"https:\/\/veromundoviagens.com.br\/index.php?rest_route=\/wp\/v2\/users\/1"}],"replies":[{"embeddable":true,"href":"https:\/\/veromundoviagens.com.br\/index.php?rest_route=%2Fwp%2Fv2%2Fcomments&post=2814"}],"version-history":[{"count":10,"href":"https:\/\/veromundoviagens.com.br\/index.php?rest_route=\/wp\/v2\/pages\/2814\/revisions"}],"predecessor-version":[{"id":2918,"href":"https:\/\/veromundoviagens.com.br\/index.php?rest_route=\/wp\/v2\/pages\/2814\/revisions\/2918"}],"wp:attachment":[{"href":"https:\/\/veromundoviagens.com.br\/index.php?rest_route=%2Fwp%2Fv2%2Fmedia&parent=2814"}],"curies":[{"name":"wp","href":"https:\/\/api.w.org\/{rel}","templated":true}]}}